{"id":430,"date":"2020-10-21T15:36:17","date_gmt":"2020-10-21T15:36:17","guid":{"rendered":"http:\/\/gfxpartner.com\/slope\/?page_id=430"},"modified":"2025-05-06T13:17:02","modified_gmt":"2025-05-06T13:17:02","slug":"contacto","status":"publish","type":"page","link":"https:\/\/leynet.es\/?page_id=430","title":{"rendered":"Contacto"},"content":{"rendered":"\t\t<div data-elementor-type=\"wp-page\" data-elementor-id=\"430\" class=\"elementor elementor-430\">\n\t\t\t\t\t\t<div class=\"elementor-section elementor-top-section elementor-element elementor-element-4cfd565 elementor-section-boxed elementor-section-height-default elementor-section-height-default\" data-id=\"4cfd565\" data-element_type=\"section\">\n\t\t\t\t\t\t<div class=\"elementor-container elementor-column-gap-no\">\n\t\t\t\t\t<div class=\"elementor-column elementor-col-100 elementor-top-column elementor-element elementor-element-3e198cf\" data-id=\"3e198cf\" data-element_type=\"column\">\n\t\t\t<div class=\"elementor-widget-wrap elementor-element-populated\">\n\t\t\t\t\t\t<div class=\"elementor-element elementor-element-5e423e5 elementor-widget__width-initial elementor-widget-tablet__width-inherit elementor-widget elementor-widget-heading_slope\" data-id=\"5e423e5\" data-element_type=\"widget\" data-widget_type=\"heading_slope.default\">\n\t\t\t\t<div class=\"elementor-widget-container\">\n\t\t\t\t\t    <div class=\"heading heading-very-large dark-1 \">\r\n      <h1>Contacta con nosotros sin compromiso.<\/h1>    <\/div>\r\n    \t\t\t\t<\/div>\n\t\t\t\t<\/div>\n\t\t\t\t\t<\/div>\n\t\t<\/div>\n\t\t\t\t\t<\/div>\n\t\t<\/div>\n\t\t\t\t<div class=\"elementor-section elementor-top-section elementor-element elementor-element-4e0c0df elementor-section-full_width elementor-section-height-default elementor-section-height-default\" data-id=\"4e0c0df\" data-element_type=\"section\">\n\t\t\t\t\t\t<div class=\"elementor-container elementor-column-gap-default\">\n\t\t\t\t\t<div class=\"elementor-column elementor-col-100 elementor-top-column elementor-element elementor-element-67d8092\" data-id=\"67d8092\" data-element_type=\"column\">\n\t\t\t<div class=\"elementor-widget-wrap elementor-element-populated\">\n\t\t\t\t\t\t<div class=\"elementor-element elementor-element-cab02bd elementor-widget__width-inherit elementor-widget elementor-widget-singleImage_slope\" data-id=\"cab02bd\" data-element_type=\"widget\" data-widget_type=\"singleImage_slope.default\">\n\t\t\t\t<div class=\"elementor-widget-container\">\n\t\t\t\t\t    <div class=\"single-image \">\r\n      <img decoding=\"async\" src=\"https:\/\/leynet.es\/wp-content\/uploads\/2025\/04\/young-businesswoman-with-computer-standing-in-an-office-working.jpg\" alt=\"Young businesswoman with computer standing in an office, working\">\r\n    <\/div>\r\n    \t\t\t\t<\/div>\n\t\t\t\t<\/div>\n\t\t\t\t<div class=\"elementor-element elementor-element-d8f310b elementor-widget__width-inherit elementor-absolute elementor-hidden-tablet elementor-hidden-phone elementor-widget elementor-widget-image\" data-id=\"d8f310b\" data-element_type=\"widget\" data-settings=\"{&quot;_position&quot;:&quot;absolute&quot;}\" data-widget_type=\"image.default\">\n\t\t\t\t<div class=\"elementor-widget-container\">\n\t\t\t\t\t\t\t\t\t\t\t\t\t\t\t<img fetchpriority=\"high\" decoding=\"async\" width=\"582\" height=\"669\" src=\"https:\/\/leynet.es\/wp-content\/uploads\/2025\/04\/art_1-1-1-2-261x300_blue2.png\" class=\"attachment-full size-full wp-image-4809\" alt=\"\" srcset=\"https:\/\/leynet.es\/wp-content\/uploads\/2025\/04\/art_1-1-1-2-261x300_blue2.png 582w, https:\/\/leynet.es\/wp-content\/uploads\/2025\/04\/art_1-1-1-2-261x300_blue2-261x300.png 261w\" sizes=\"(max-width: 582px) 100vw, 582px\" \/>\t\t\t\t\t\t\t\t\t\t\t\t\t\t\t<\/div>\n\t\t\t\t<\/div>\n\t\t\t\t\t<\/div>\n\t\t<\/div>\n\t\t\t\t\t<\/div>\n\t\t<\/div>\n\t\t\t\t<div class=\"elementor-section elementor-top-section elementor-element elementor-element-26107df elementor-section-boxed elementor-section-height-default elementor-section-height-default\" data-id=\"26107df\" data-element_type=\"section\">\n\t\t\t\t\t\t<div class=\"elementor-container elementor-column-gap-no\">\n\t\t\t\t\t<div class=\"elementor-column elementor-col-50 elementor-top-column elementor-element elementor-element-6c20019\" data-id=\"6c20019\" data-element_type=\"column\">\n\t\t\t<div class=\"elementor-widget-wrap elementor-element-populated\">\n\t\t\t\t\t\t<div class=\"elementor-element elementor-element-38126ae elementor-widget elementor-widget-contact_form_slope\" data-id=\"38126ae\" data-element_type=\"widget\" data-widget_type=\"contact_form_slope.default\">\n\t\t\t\t<div class=\"elementor-widget-container\">\n\t\t\t\t\t\r\n\t\t<div class=\"contact-form-wrapper\">\r\n\t\t\r\n\t\t\t<div class=\"nav-pills-wrapper\">\r\n\t\t\t\t<ul class=\"nav nav-pills contact-form-tab\" role=\"tablist\">\r\n\t\t\t\t\t\t\t\t\t<li class=\"nav-item\">\r\n\t\t\t\t\t\t<a class=\"nav-link active\" \r\n\t\t\t\t\t\tid=\"slope-cf7-id-38126ae1-tab\" \r\n\t\t\t\t\t\tdata-toggle=\"pill\" href=\"#slope-cf7-id-38126ae1\" role=\"tab\" \r\n\t\t\t\t\t\taria-controls=\"slope-cf7-id-38126ae1\" aria-selected=\"true\">\r\n\t\t\t\t\t\t<span>\r\n\t\t\t\t\t\t\t\u00bfHablamos?\t\t\t\t\t\t<\/span>\r\n\t\t\t\t\t<\/a>\r\n\t\t\t\t\t<\/li>\r\n\t\t\t\t\t\r\n\t\t\t\t\t\t\t\t<\/ul>\r\n\t\t\t<\/div>\r\n\t\r\n\t\t\r\n\t\t<div class=\"form-wrapper tab-content\">\r\n\t\t\t\t\t\r\n\t\t\t<div \r\n\t\t\tclass=\"contact-form slope-cf7-38126ae1 \r\n\t\t\ttab-pane fade active show\" \r\n\t\t\tid=\"slope-cf7-id-38126ae1\"\r\n\t\t\trole=\"tabpanel\"\r\n\t\t\taria-labelledby=\"slope-cf7-id-38126ae1-tab\"\r\n\t\t\t>\r\n                \n<div class=\"wpcf7 no-js\" id=\"wpcf7-f598-o1\" lang=\"en-US\" dir=\"ltr\" data-wpcf7-id=\"598\">\n<div class=\"screen-reader-response\"><p role=\"status\" aria-live=\"polite\" aria-atomic=\"true\"><\/p> <ul><\/ul><\/div>\n<form action=\"\/index.php?rest_route=%2Fwp%2Fv2%2Fpages%2F430#wpcf7-f598-o1\" method=\"post\" class=\"wpcf7-form init\" aria-label=\"Contact form\" novalidate=\"novalidate\" data-status=\"init\">\n<div style=\"display: none;\">\n<input type=\"hidden\" name=\"_wpcf7\" value=\"598\" \/>\n<input type=\"hidden\" name=\"_wpcf7_version\" value=\"6.0.6\" \/>\n<input type=\"hidden\" name=\"_wpcf7_locale\" value=\"en_US\" \/>\n<input type=\"hidden\" name=\"_wpcf7_unit_tag\" value=\"wpcf7-f598-o1\" \/>\n<input type=\"hidden\" name=\"_wpcf7_container_post\" value=\"0\" \/>\n<input type=\"hidden\" name=\"_wpcf7_posted_data_hash\" value=\"\" \/>\n<input type=\"hidden\" name=\"_wpcf7_recaptcha_response\" value=\"\" \/>\n<\/div>\n<div class=\"slope-contact-form\">\n <div class=\"fields-wrapper\">\n  <div class=\"input-contact\">\n   <span class=\"wpcf7-form-control-wrap\" data-name=\"name-field\"><input size=\"40\" maxlength=\"400\" class=\"wpcf7-form-control wpcf7-text wpcf7-validates-as-required\" aria-required=\"true\" aria-invalid=\"false\" placeholder=\"Nombre *\" value=\"\" type=\"text\" name=\"name-field\" \/><\/span>\n   <span class=\"wpcf7-form-control-wrap\" data-name=\"company-field\"><input size=\"40\" maxlength=\"400\" class=\"wpcf7-form-control wpcf7-text\" aria-invalid=\"false\" placeholder=\"Empresa\" value=\"\" type=\"text\" name=\"company-field\" \/><\/span>\n   <span class=\"wpcf7-form-control-wrap\" data-name=\"email-field\"><input size=\"40\" maxlength=\"400\" class=\"wpcf7-form-control wpcf7-email wpcf7-validates-as-required wpcf7-text wpcf7-validates-as-email\" aria-required=\"true\" aria-invalid=\"false\" placeholder=\"Email *\" value=\"\" type=\"email\" name=\"email-field\" \/><\/span>\n   <span class=\"wpcf7-form-control-wrap\" data-name=\"number-field\"><input size=\"40\" maxlength=\"400\" class=\"wpcf7-form-control wpcf7-tel wpcf7-text wpcf7-validates-as-tel\" aria-invalid=\"false\" placeholder=\"Tel\u00e9fono\" value=\"\" type=\"tel\" name=\"number-field\" \/><\/span>\n  <\/div>\n  <div class=\"textarea-contact\">\n   <span class=\"wpcf7-form-control-wrap\" data-name=\"message-field\"><textarea cols=\"40\" rows=\"10\" maxlength=\"2000\" class=\"wpcf7-form-control wpcf7-textarea wpcf7-validates-as-required\" aria-required=\"true\" aria-invalid=\"false\" placeholder=\"Dinos qu\u00e9 podemos hacer por ti *\" name=\"message-field\"><\/textarea><\/span>\n  <\/div>\n  <div class=\"textarea-contact\">\n<span class=\"wpcf7-form-control-wrap\" data-name=\"acceptance-999\"><span class=\"wpcf7-form-control wpcf7-acceptance\"><span class=\"wpcf7-list-item\"><label><input type=\"checkbox\" name=\"acceptance-999\" value=\"1\" aria-invalid=\"false\" \/><span class=\"wpcf7-list-item-label\">Confirmo y acepto que los datos facilitados ser\u00e1n tratados por Leynet Consultores para gestionar la solicitud de informaci\u00f3n recibida. En cualquier momento podr\u00e1s ejercer los derechos que otorga la normativa de protecci\u00f3n de datos mediante escrito dirigido dpo@leynetconsultores.com.com. Podr\u00e1s obtener m\u00e1s informaci\u00f3n sobre el tratamiento de tus datos visitando nuestra <a href=\"https:\/\/leynet.es\/politica-de-privacidad\/\">pol\u00edtica de privacidad<\/a>.<\/span><\/label><\/span><\/span><\/span>\n  <\/div>\n <\/div>\n <div class=\"submit-contact\">\n  <input class=\"wpcf7-form-control wpcf7-submit has-spinner\" type=\"submit\" value=\"Enviar Consulta\" \/>\n <\/div>\n<\/div><div class=\"wpcf7-response-output\" aria-hidden=\"true\"><\/div>\n<\/form>\n<\/div>\n           <\/div>\t\r\n\t\t\t\t\t\t<\/div>\r\n\r\n\t\t<\/div>\r\n\t\r\n\t\t\t\t<\/div>\n\t\t\t\t<\/div>\n\t\t\t\t\t<\/div>\n\t\t<\/div>\n\t\t\t\t<div class=\"elementor-column elementor-col-50 elementor-top-column elementor-element elementor-element-5ce95a8 elementor-hidden-tablet elementor-hidden-phone\" data-id=\"5ce95a8\" data-element_type=\"column\">\n\t\t\t<div class=\"elementor-widget-wrap\">\n\t\t\t\t\t\t\t<\/div>\n\t\t<\/div>\n\t\t\t\t\t<\/div>\n\t\t<\/div>\n\t\t<div class=\"elementor-element elementor-element-c01e981 e-flex e-con-boxed e-con e-parent\" data-id=\"c01e981\" data-element_type=\"container\">\n\t\t\t\t\t<div class=\"e-con-inner\">\n\t\t\t\t<div class=\"elementor-element elementor-element-0569b7e elementor-widget__width-initial elementor-widget-tablet__width-inherit elementor-widget elementor-widget-heading_slope\" data-id=\"0569b7e\" data-element_type=\"widget\" data-widget_type=\"heading_slope.default\">\n\t\t\t\t<div class=\"elementor-widget-container\">\n\t\t\t\t\t    <div class=\"heading heading-medium dark-1 \">\r\n      <h3>Auditor\u00eda legal: clave para el cumplimiento normativo y la seguridad jur\u00eddica empresarial<\/h3>    <\/div>\r\n    \t\t\t\t<\/div>\n\t\t\t\t<\/div>\n\t\t\t\t<div class=\"elementor-element elementor-element-77718a2 elementor-widget elementor-widget-heading\" data-id=\"77718a2\" data-element_type=\"widget\" data-widget_type=\"heading.default\">\n\t\t\t\t<div class=\"elementor-widget-container\">\n\t\t\t\t\t<p class=\"elementor-heading-title elementor-size-default\">En el contexto actual, caracterizado por una creciente complejidad normativa y una constante evoluci\u00f3n legislativa, las empresas necesitan m\u00e1s que nunca garantizar que sus operaciones est\u00e9n alineadas con las exigencias legales. La auditor\u00eda legal se convierte, en este sentido, en una herramienta fundamental para cualquier organizaci\u00f3n que quiera asegurar su continuidad, evitar sanciones y consolidar su posici\u00f3n en el mercado. No se trata \u00fanicamente de cumplir con la ley, sino de construir un entorno de trabajo seguro, \u00e9tico y eficiente que inspire confianza en todos los niveles.<br><br>\n\nEn Leynet Consultores, entendemos la auditor\u00eda legal como una acci\u00f3n estrat\u00e9gica que permite a nuestros clientes prevenir riesgos, mejorar procesos y tomar decisiones basadas en un diagn\u00f3stico legal preciso. Nuestra experiencia en el asesoramiento a empresas de distintos sectores nos ha demostrado que un an\u00e1lisis legal exhaustivo es clave para identificar vulnerabilidades, corregir desviaciones y fortalecer la estructura legal interna. El objetivo no es solo cumplir con la normativa actual, sino anticiparse a los cambios y evolucionar de forma segura y sostenible.<\/p>\t\t\t\t<\/div>\n\t\t\t\t<\/div>\n\t\t<div class=\"elementor-element elementor-element-8b28b76 e-grid e-con-full e-con e-child\" data-id=\"8b28b76\" data-element_type=\"container\">\n\t\t<div class=\"elementor-element elementor-element-735e2e2 e-con-full e-flex e-con e-child\" data-id=\"735e2e2\" data-element_type=\"container\">\n\t\t\t\t<div class=\"elementor-element elementor-element-00a72a2 elementor-widget-tablet__width-inherit elementor-widget elementor-widget-heading_slope\" data-id=\"00a72a2\" data-element_type=\"widget\" data-widget_type=\"heading_slope.default\">\n\t\t\t\t<div class=\"elementor-widget-container\">\n\t\t\t\t\t    <div class=\"heading heading-medium dark-1 \">\r\n      <h4>Una visi\u00f3n integral del cumplimiento normativo\n<\/h4>    <\/div>\r\n    \t\t\t\t<\/div>\n\t\t\t\t<\/div>\n\t\t\t\t<div class=\"elementor-element elementor-element-0cded28 elementor-widget elementor-widget-heading\" data-id=\"0cded28\" data-element_type=\"widget\" data-widget_type=\"heading.default\">\n\t\t\t\t<div class=\"elementor-widget-container\">\n\t\t\t\t\t<p class=\"elementor-heading-title elementor-size-default\">La auditor\u00eda legal permite revisar con detalle todos los aspectos jur\u00eddicos que afectan al funcionamiento de una empresa. Desde la estructura societaria y los estatutos, hasta los contratos con clientes y proveedores, cada elemento debe ser evaluado bajo el prisma de la legalidad vigente. Lo que muchas veces se considera una simple formalidad puede convertirse en una fuente de conflictos o sanciones si no se gestiona correctamente. Por eso, esta revisi\u00f3n exhaustiva se convierte en una garant\u00eda de seguridad jur\u00eddica.\n<br><br>\nUno de los valores a\u00f1adidos de este proceso es su capacidad para revelar debilidades internas que, de otro modo, podr\u00edan pasar desapercibidas. Detectar errores en documentos clave, omisiones en la gesti\u00f3n administrativa o deficiencias en la redacci\u00f3n contractual permite a la empresa tomar decisiones con mayor conocimiento y reducir significativamente sus niveles de exposici\u00f3n legal. La auditor\u00eda legal no se limita a comprobar que todo est\u00e9 en regla, sino que busca optimizar y fortalecer cada aspecto del marco jur\u00eddico empresarial.<\/p>\t\t\t\t<\/div>\n\t\t\t\t<\/div>\n\t\t\t\t<\/div>\n\t\t<div class=\"elementor-element elementor-element-c84fd04 e-con-full e-flex e-con e-child\" data-id=\"c84fd04\" data-element_type=\"container\">\n\t\t\t\t<div class=\"elementor-element elementor-element-7b5807e elementor-widget-tablet__width-inherit elementor-widget elementor-widget-heading_slope\" data-id=\"7b5807e\" data-element_type=\"widget\" data-widget_type=\"heading_slope.default\">\n\t\t\t\t<div class=\"elementor-widget-container\">\n\t\t\t\t\t    <div class=\"heading heading-medium dark-1 \">\r\n      <h4>Protecci\u00f3n de datos y presencia digital: aspectos cada vez m\u00e1s cr\u00edticos\n<\/h4>    <\/div>\r\n    \t\t\t\t<\/div>\n\t\t\t\t<\/div>\n\t\t\t\t<div class=\"elementor-element elementor-element-c68362e elementor-widget elementor-widget-heading\" data-id=\"c68362e\" data-element_type=\"widget\" data-widget_type=\"heading.default\">\n\t\t\t\t<div class=\"elementor-widget-container\">\n\t\t\t\t\t<p class=\"elementor-heading-title elementor-size-default\">En la actualidad, cualquier auditor\u00eda legal debe prestar especial atenci\u00f3n a la protecci\u00f3n de datos personales y a la presencia digital de la empresa. Con la entrada en vigor del RGPD y su adaptaci\u00f3n en la legislaci\u00f3n espa\u00f1ola, las organizaciones est\u00e1n obligadas a demostrar que gestionan la informaci\u00f3n personal de forma l\u00edcita, segura y transparente. Las sanciones por incumplimiento en esta materia son elevadas, pero adem\u00e1s, los errores pueden afectar gravemente a la reputaci\u00f3n corporativa.\n<br><br>\nLa auditor\u00eda legal en el \u00e1mbito digital abarca desde la revisi\u00f3n de las pol\u00edticas de privacidad hasta el an\u00e1lisis del uso de cookies y las condiciones legales del sitio web. Tambi\u00e9n se incluyen aspectos vinculados a la propiedad intelectual, como el uso de contenidos protegidos, logotipos o nombres comerciales. Evaluar la legalidad de la presencia online es hoy una parte fundamental del proceso, especialmente en sectores donde la actividad digital representa una parte sustancial del negocio.<\/p>\t\t\t\t<\/div>\n\t\t\t\t<\/div>\n\t\t\t\t<\/div>\n\t\t<div class=\"elementor-element elementor-element-4111f97 e-con-full e-flex e-con e-child\" data-id=\"4111f97\" data-element_type=\"container\">\n\t\t\t\t<div class=\"elementor-element elementor-element-7a8e459 elementor-widget-tablet__width-inherit elementor-widget elementor-widget-heading_slope\" data-id=\"7a8e459\" data-element_type=\"widget\" data-widget_type=\"heading_slope.default\">\n\t\t\t\t<div class=\"elementor-widget-container\">\n\t\t\t\t\t    <div class=\"heading heading-medium dark-1 \">\r\n      <h4 data-start=\"3516\" data-end=\"3584\">Una inversi\u00f3n que refuerza la imagen y el crecimiento empresarial<\/h4>    <\/div>\r\n    \t\t\t\t<\/div>\n\t\t\t\t<\/div>\n\t\t\t\t<div class=\"elementor-element elementor-element-aed1972 elementor-widget elementor-widget-heading\" data-id=\"aed1972\" data-element_type=\"widget\" data-widget_type=\"heading.default\">\n\t\t\t\t<div class=\"elementor-widget-container\">\n\t\t\t\t\t<p class=\"elementor-heading-title elementor-size-default\">Contratar una auditor\u00eda legal no solo ayuda a cumplir con la ley; tambi\u00e9n proyecta una imagen de seriedad y profesionalismo. Las empresas que se preocupan por su cumplimiento legal son percibidas como m\u00e1s fiables, tanto por clientes como por proveedores e inversores. Este factor es especialmente relevante en contextos de crecimiento, internacionalizaci\u00f3n o b\u00fasqueda de financiaci\u00f3n, donde la seguridad jur\u00eddica puede marcar la diferencia entre avanzar o quedarse atr\u00e1s.\n<br><br>\nEn Leynet Consultores, trabajamos para que cada auditor\u00eda legal no solo detecte problemas, sino que genere valor real para nuestros clientes. Analizamos con rigor, proponemos soluciones pr\u00e1cticas y acompa\u00f1amos su implementaci\u00f3n. Nuestro objetivo es que la empresa gane en tranquilidad, competitividad y capacidad de adaptaci\u00f3n a un entorno regulatorio en constante cambio. Apostar por una auditor\u00eda legal es, en definitiva, apostar por el futuro de la empresa.<\/p>\t\t\t\t<\/div>\n\t\t\t\t<\/div>\n\t\t\t\t<\/div>\n\t\t\t\t<\/div>\n\t\t\t\t<div class=\"elementor-element elementor-element-2564e03 elementor-widget elementor-widget-heading\" data-id=\"2564e03\" data-element_type=\"widget\" data-widget_type=\"heading.default\">\n\t\t\t\t<div class=\"elementor-widget-container\">\n\t\t\t\t\t<p class=\"elementor-heading-title elementor-size-default\">La auditor\u00eda legal debe entenderse como una inversi\u00f3n estrat\u00e9gica, no como una carga administrativa. Gracias a ella, las empresas pueden operar con mayor confianza, proteger sus activos y tomar decisiones basadas en un conocimiento real de su situaci\u00f3n legal. En un contexto cada vez m\u00e1s exigente, contar con un equipo experto que revise, aconseje y acompa\u00f1e marca la diferencia.\n<br><br>\nEn Leynet Consultores, ofrecemos un servicio de auditor\u00eda legal integral, riguroso y adaptado a la realidad de cada cliente. Si quieres asegurarte de que tu empresa est\u00e1 en regla, evitar riesgos innecesarios y avanzar con bases s\u00f3lidas, estamos aqu\u00ed para ayudarte. Cont\u00e1ctanos y descubre c\u00f3mo la auditor\u00eda legal puede convertirse en el primer paso hacia una gesti\u00f3n m\u00e1s segura y eficiente.<\/p>\t\t\t\t<\/div>\n\t\t\t\t<\/div>\n\t\t\t\t\t<\/div>\n\t\t\t\t<\/div>\n\t\t\t\t<\/div>\n\t\t","protected":false},"excerpt":{"rendered":"<p>Contacta con nosotros sin compromiso. \u00bfHablamos? Confirmo y acepto que los datos facilitados se\u00e1n tratados por HEMP TRADING&#8230;<\/p>\n","protected":false},"author":1,"featured_media":0,"parent":0,"menu_order":0,"comment_status":"closed","ping_status":"closed","template":"","meta":{"_acf_changed":false,"footnotes":""},"class_list":["post-430","page","type-page","status-publish","hentry"],"acf":[],"_links":{"self":[{"href":"https:\/\/leynet.es\/index.php?rest_route=\/wp\/v2\/pages\/430","targetHints":{"allow":["GET"]}}],"collection":[{"href":"https:\/\/leynet.es\/index.php?rest_route=\/wp\/v2\/pages"}],"about":[{"href":"https:\/\/leynet.es\/index.php?rest_route=\/wp\/v2\/types\/page"}],"author":[{"embeddable":true,"href":"https:\/\/leynet.es\/index.php?rest_route=\/wp\/v2\/users\/1"}],"replies":[{"embeddable":true,"href":"https:\/\/leynet.es\/index.php?rest_route=%2Fwp%2Fv2%2Fcomments&post=430"}],"version-history":[{"count":20,"href":"https:\/\/leynet.es\/index.php?rest_route=\/wp\/v2\/pages\/430\/revisions"}],"predecessor-version":[{"id":5097,"href":"https:\/\/leynet.es\/index.php?rest_route=\/wp\/v2\/pages\/430\/revisions\/5097"}],"wp:attachment":[{"href":"https:\/\/leynet.es\/index.php?rest_route=%2Fwp%2Fv2%2Fmedia&parent=430"}],"curies":[{"name":"wp","href":"https:\/\/api.w.org\/{rel}","templated":true}]}}