{"id":5058,"date":"2025-05-06T09:37:10","date_gmt":"2025-05-06T09:37:10","guid":{"rendered":"https:\/\/leynet.es\/?page_id=5058"},"modified":"2025-05-06T09:57:36","modified_gmt":"2025-05-06T09:57:36","slug":"aviso-legal","status":"publish","type":"page","link":"https:\/\/leynet.es\/?page_id=5058","title":{"rendered":"Aviso Legal"},"content":{"rendered":"\t\t<div data-elementor-type=\"wp-page\" data-elementor-id=\"5058\" class=\"elementor elementor-5058\">\n\t\t\t\t\t\t<div class=\"elementor-section elementor-top-section elementor-element elementor-element-6e68a46 elementor-section-boxed elementor-section-height-default elementor-section-height-default\" data-id=\"6e68a46\" data-element_type=\"section\">\n\t\t\t\t\t\t<div class=\"elementor-container elementor-column-gap-no\">\n\t\t\t\t\t<div class=\"elementor-column elementor-col-100 elementor-top-column elementor-element elementor-element-93de64a\" data-id=\"93de64a\" data-element_type=\"column\">\n\t\t\t<div class=\"elementor-widget-wrap elementor-element-populated\">\n\t\t\t\t\t\t<div class=\"elementor-element elementor-element-918ee0d elementor-widget__width-initial elementor-widget-tablet__width-inherit elementor-widget elementor-widget-heading_slope\" data-id=\"918ee0d\" data-element_type=\"widget\" data-widget_type=\"heading_slope.default\">\n\t\t\t\t<div class=\"elementor-widget-container\">\n\t\t\t\t\t    <div class=\"heading heading-large dark-1 \">\r\n      <h1>AVISO LEGAL Y CONDICIONES DE USO<\/h1>    <\/div>\r\n    \t\t\t\t<\/div>\n\t\t\t\t<\/div>\n\t\t\t\t<div class=\"elementor-element elementor-element-50d206a elementor-widget elementor-widget-text-editor\" data-id=\"50d206a\" data-element_type=\"widget\" data-widget_type=\"text-editor.default\">\n\t\t\t\t<div class=\"elementor-widget-container\">\n\t\t\t\t\t\t\t\t\t<h2>PRIMERO.- TITULAR DE LA WEB<\/h2><p>El presente portal web pertenece a CONSULTOR\u00cdA DE NUEVAS LEYES Y TECNOLOG\u00cdA, SL con CIF. B98242134 (en adelante LEYNET) y domicilio social en Calle Chile 1 puerta 5, c\u00f3digo postal 46021 de Valencia e inscrita en el registro mercantil de Valencia en el Tomo 9.180, Libro 6.463, Folio 149, Secci\u00f3n 8\u00aa, Hoja V138779, inscripci\u00f3n 1\u00aa. La direcci\u00f3n de correo electr\u00f3nico de contacto es: clientes@leynetconsultores.com.<\/p><p>\u00a0<\/p><h2>SEGUNDO.- ACCESO A LA WEB<\/h2><p>LEYNET pone a disposici\u00f3n del p\u00fablico (en adelante usuario), que acceda a la presente p\u00e1gina web (en adelante WEB), informaci\u00f3n sobre los productos y servicios propios (en adelante CONTENIDOS y\/o SERVICIOS).<\/p><p>\u00a0<\/p><h3>TERCERO.- UTILIZACI\u00d3N CORRECTA DE LOS SERVICIOS<\/h3><p>El usuario se obliga a usar los Servicios de forma diligente, correcta y l\u00edcita y, en particular, a t\u00edtulo meramente enunciativo y no limitativo, queda terminantemente prohibido:<br \/><br \/><\/p><ul><li>Utilizar los Servicios de forma, con fines o efectos contrarios a la ley, a la moral y a las buenas costumbres generalmente aceptadas o al orden p\u00fablico;<\/li><li>Reproducir o copiar, distribuir, permitir el acceso del p\u00fablico a trav\u00e9s de cualquier modalidad de comunicaci\u00f3n p\u00fablica, transformar o modificar los Servicios, a menos que se cuente con la autorizaci\u00f3n del titular de los correspondientes derechos o ello resulte legalmente permitido;<\/li><li>Realizar cualquier acto que pueda ser considerado una vulneraci\u00f3n de cualesquiera derechos de propiedad intelectual o industrial pertenecientes a LEYNET o a terceros;<\/li><li>Emplear los Servicios y, en particular, la informaci\u00f3n de cualquier clase obtenida a trav\u00e9s del Sitio Web para remitir publicidad, comunicaciones con fines de venta directa o con cualquier otra clase de finalidad comercial, mensajes no solicitados dirigidos a una pluralidad de personas con independencia de su finalidad, as\u00ed como de comercializar o divulgar de cualquier modo dicha informaci\u00f3n;<\/li><\/ul><p><br \/>El usuario responder\u00e1 de los da\u00f1os y perjuicios de toda naturaleza que LEYNET pueda sufrir, con ocasi\u00f3n del incumplimiento de cualquiera de las obligaciones anteriormente expuestas.<\/p><p><br \/>Todo usuario menor de edad deber\u00e1 utilizar la Web bajo el consentimiento de su padre, madre o tutor legal, siendo estos los responsables de cualquier problema que pudiera acontecer en el uso de los servicios del presente portal web.<\/p><p>\u00a0<\/p><h2>CUARTO.- REGLAS DE CONDUCTA<\/h2><p>Los usuarios podr\u00e1n contactar con LEYNET e interactuar en determinadas secciones del portal web siempre y cuando respeten el presente c\u00f3digo de conducta:<br \/><br \/><\/p><ul><li>Prohibido suplantar la identidad de otras personas, empresas u organizaciones.<\/li><li>Prohibido el uso de lenguaje ofensivo o irrespetuoso, incluidos insultos, amenazas o comentarios que puedan resultar hirientes. LEYNET podr\u00e1 eliminar dichos contenidos y emprender acciones legales si lo considera oportuno.<\/li><li>Prohibido realizar acciones de marketing, spam o promocionar empresas o sitios web. Cualquier contenido de este tipo ser\u00e1 eliminado y, de ser necesario, reportado a la Agencia Espa\u00f1ola de Protecci\u00f3n de Datos.<\/li><\/ul><p>\u00a0<\/p><h2>QUINTO.- DERECHOS DE PROPIEDAD<\/h2><p>Todos los contenidos del Sitio Web, tales como textos, art\u00edculos de opini\u00f3n, gr\u00e1ficos, fotograf\u00edas, logotipos, iconos, im\u00e1genes, as\u00ed como el dise\u00f1o gr\u00e1fico, c\u00f3digo fuente y software, son de la exclusiva propiedad de LEYNET o de terceros, cuyos derechos al respecto ostenta leg\u00edtimamente LEYNET, estando por lo tanto protegidos por la legislaci\u00f3n nacional e internacional.<br \/><br \/><\/p><p>Queda estrictamente prohibido la utilizaci\u00f3n de todos los elementos objeto de propiedad industrial e intelectual con fines de cualquier otro tipo (incluidos expresamente los comerciales y publicitarios), as\u00ed como su distribuci\u00f3n, modificaci\u00f3n, alteraci\u00f3n o descompilaci\u00f3n.<\/p><p>\u00a0<\/p><h2>SEXTO.- EXCLUSI\u00d3N DE GARANT\u00cdAS Y DE RESPONSABILIDAD<\/h2><p>LEYNET se reserva el derecho a interrumpir el acceso a los servicios en cualquier momento y sin previo aviso, ya sea por motivos t\u00e9cnicos, de seguridad, de control, de mantenimiento, por fallos de suministro el\u00e9ctrico o por cualquier otra causa justificada.<br \/><br \/><\/p><p>En consecuencia, LEYNET no garantiza la fiabilidad, la disponibilidad ni la continuidad de la Web ni de los Servicios, por lo que la utilizaci\u00f3n de los mismos por parte de los usuarios se lleva a cabo por su propia cuenta y riesgo, sin que, en ning\u00fan momento, puedan exigirse responsabilidades a LEYNET en este sentido.<br \/><br \/><\/p><p>Adem\u00e1s, LEYNET no asume responsabilidad alguna derivada, a t\u00edtulo enunciativo, pero no limitativo:<br \/><br \/><\/p><ul><li>De la utilizaci\u00f3n que los usuarios hagan de los materiales dispuestos en la web, ya sean prohibidos o permitidos, en infracci\u00f3n de los derechos de propiedad intelectual y\/o industrial de contenidos de la propia web o de los portales de terceros.<\/li><li>De los eventuales da\u00f1os y perjuicios a los usuarios causados por un funcionamiento normal o anormal de las herramientas de b\u00fasqueda, de la organizaci\u00f3n o la localizaci\u00f3n de los contenidos y\/o acceso a los servicios y, en general, de los errores o problemas que se generen en el desarrollo o instrumentaci\u00f3n de los elementos t\u00e9cnicos que forman el servicio.<\/li><li>De los contenidos de aquellas p\u00e1ginas a las que los usuarios puedan acceder desde enlaces incluidos en la web.<\/li><li>De los actos u omisiones de terceros, con independencia de que estos terceros pudiesen estar unidos a LEYNET mediante v\u00eda contractual.<\/li><\/ul><p><br \/>De igual modo, LEYNET excluye cualquier responsabilidad por los da\u00f1os y perjuicios de toda clase que puedan deberse a la presencia de virus o a la presencia de otros elementos lesivos en los contenidos que puedan producir alteraci\u00f3n en los sistemas inform\u00e1ticos as\u00ed como en los documentos o sistemas almacenados en los mismos, por lo que LEYNET no ser\u00e1 responsable en ning\u00fan caso cuando se produzcan:<br \/><br \/><\/p><ul><li>Errores o retrasos en el acceso a los servicios por parte del usuario o cualquier anomal\u00eda que pueda surgir cuando estas incidencias sean debidas a problemas en la red Internet, causas de caso fortuito o fuerza mayor y cualquier otra contingencia imprevisible ajena a la buena fe de LEYNET.<\/li><li>Fallos o incidencias que pudieran producirse en las comunicaciones, borrado o transmisiones incompletas, de manera que no se garantiza que los servicios del sitio web est\u00e9n constantemente operativos.<\/li><li>De los errores o da\u00f1os producidos al sitio web por un uso del servicio ineficiente y de mala fe por parte del usuario.<\/li><li>De la no operatividad o problemas en la direcci\u00f3n de email facilitada por el usuario para el env\u00edo de la informaci\u00f3n solicitada.<\/li><\/ul><p><br \/>En todo caso, LEYNET se compromete a solucionar los problemas que puedan surgir y a ofrecer todo el apoyo necesario al usuario para llegar a una soluci\u00f3n r\u00e1pida y satisfactoria de la incidencia<\/p><p>\u00a0<\/p><h2>S\u00c9PTIMO.- ENLACES A OTROS SITIOS WEB<\/h2><p>LEYNET no garantiza ni asume ning\u00fan tipo de responsabilidad por los da\u00f1os y perjuicios sufridos por el acceso al Servicios\/contenido de terceros a trav\u00e9s de conexiones, v\u00ednculos o links de los sitios enlazados ni sobre la exactitud o fiabilidad de los mismos. La funci\u00f3n de los enlaces que aparecen en LEYNET es exclusivamente la de informar al usuario sobre la existencia de otras fuentes de informaci\u00f3n en Internet, donde podr\u00e1 ampliar los Servicios ofrecidos por el Portal. LEYNET no ser\u00e1 en ning\u00fan caso responsable del resultado obtenido a trav\u00e9s de dichos enlaces o de las consecuencias que se deriven del acceso por los usuarios a los mismos. Estos Servicios de terceros son proporcionados por \u00e9stos, por lo que LEYNET no puede controlar y no controla la licitud de los Servicios ni su calidad. En consecuencia, el usuario debe extremar la prudencia en la valoraci\u00f3n y utilizaci\u00f3n de la informaci\u00f3n y servicios existentes en los contenidos de terceros.<br \/><br \/><\/p><p>Queda expresamente prohibida la introducci\u00f3n de hiperenlaces con fines mercantiles en p\u00e1ginas web ajenas a LEYNET que permitan el acceso al presente portal web sin consentimiento expreso de LEYNET. En todo caso, la existencia de hiperenlaces en sitios web ajenos a la empresa, no implicar\u00e1 en ning\u00fan caso la existencia de relaciones comerciales o mercantiles con el titular de la p\u00e1gina web donde se establezca el hiperenlace, ni la aceptaci\u00f3n por parte de LEYNET.<\/p><p>\u00a0<\/p><h2>OCTAVO.- TRATAMIENTO DE DATOS Y UTILIZACI\u00d3N DE COOKIES<\/h2><p>De acuerdo con lo establecido en la normativa de protecci\u00f3n de datos, le informamos de que los datos personales que nos facilite a trav\u00e9s de nuestro sitio web o mediante env\u00edos de correos electr\u00f3nicos, ser\u00e1n tratados por LEYNET, en su calidad de responsable del tratamiento, bajo la legitimidad otorgada por el consentimiento prestado por el usuario para las finalidades descritas en la <a href=\"https:\/\/leynet.es\/politica-de-privacidad\/\">pol\u00edtica de privacidad<\/a>, la cual debe ser le\u00edda, comprendida y aceptada para la utilizaci\u00f3n del presente portal web.<br \/><br \/><\/p><p>El usuario responder\u00e1, en cualquier caso, de la veracidad de los datos facilitados y podr\u00e1 ejercitar los derechos de acceso, supresi\u00f3n, rectificaci\u00f3n, oposici\u00f3n, limitaci\u00f3n del tratamiento y portabilidad, mediante escrito dirigido a la empresa, bien a su domicilio social, bien a trav\u00e9s de correo electr\u00f3nico a clientes@leynetconsultores.com siempre y cuando acredite su identidad. Y en el caso de que lo estime oportuno, podr\u00e1 acudir a la Agencia Espa\u00f1ola de Protecci\u00f3n de Datos.<br \/><br \/><\/p><p>Por su parte, LEYNET se compromete al cumplimiento de la obligaci\u00f3n de secreto de los datos de car\u00e1cter personal, por ello ha adoptado las medidas necesarias para evitar su alteraci\u00f3n, p\u00e9rdida, tratamiento o acceso no autorizado, habida cuenta en todo momento del estado de la tecnolog\u00eda.<br \/><br \/><\/p><p>Por otra parte, LEYNET le informa que por visitar el presente portal web no queda registrado de forma autom\u00e1tica ning\u00fan dato de car\u00e1cter personal que identifique a un Usuario, en cambio existe\u00a0determinada informaci\u00f3n de car\u00e1cter no personal y no identificable con un usuario concreto que se recoge durante la sesi\u00f3n en directo para a trav\u00e9s de dispositivos denominados \u201ccookies\u201d que nos permiten obtener informaci\u00f3n estad\u00edstica sobre el uso del portal web para luego poder realizar mejoras. Todo usuario debe consultar nuestra <a href=\"https:\/\/leynet.es\/politica-de-cookies\/\">pol\u00edtica de cookies<\/a> para navegar por la web.<\/p><p>\u00a0<\/p><h2>NOVENO.- LEY APLICABLE Y JURISDICCI\u00d3N<\/h2><p>Para cuantas cuestiones interpretativas o litigiosas que pudieran plantearse ser\u00e1 de aplicaci\u00f3n la legislaci\u00f3n espa\u00f1ola y en caso de controversia, ambas partes acuerdan someterse, con renuncia a cualquier otro fuero que pudiera corresponderle, a la jurisdicci\u00f3n de los Juzgados y Tribunales de la ciudad de Valencia (Espa\u00f1a).<\/p>\t\t\t\t\t\t\t\t<\/div>\n\t\t\t\t<\/div>\n\t\t\t\t\t<\/div>\n\t\t<\/div>\n\t\t\t\t\t<\/div>\n\t\t<\/div>\n\t\t\t\t<\/div>\n\t\t","protected":false},"excerpt":{"rendered":"<p>AVISO LEGAL Y CONDICIONES DE USO PRIMERO.- TITULAR DE LA WEB El presente portal web pertenece a CONSULTOR\u00cdA&#8230;<\/p>\n","protected":false},"author":1,"featured_media":0,"parent":0,"menu_order":0,"comment_status":"closed","ping_status":"closed","template":"","meta":{"_acf_changed":false,"footnotes":""},"class_list":["post-5058","page","type-page","status-publish","hentry"],"acf":[],"_links":{"self":[{"href":"https:\/\/leynet.es\/index.php?rest_route=\/wp\/v2\/pages\/5058","targetHints":{"allow":["GET"]}}],"collection":[{"href":"https:\/\/leynet.es\/index.php?rest_route=\/wp\/v2\/pages"}],"about":[{"href":"https:\/\/leynet.es\/index.php?rest_route=\/wp\/v2\/types\/page"}],"author":[{"embeddable":true,"href":"https:\/\/leynet.es\/index.php?rest_route=\/wp\/v2\/users\/1"}],"replies":[{"embeddable":true,"href":"https:\/\/leynet.es\/index.php?rest_route=%2Fwp%2Fv2%2Fcomments&post=5058"}],"version-history":[{"count":7,"href":"https:\/\/leynet.es\/index.php?rest_route=\/wp\/v2\/pages\/5058\/revisions"}],"predecessor-version":[{"id":5076,"href":"https:\/\/leynet.es\/index.php?rest_route=\/wp\/v2\/pages\/5058\/revisions\/5076"}],"wp:attachment":[{"href":"https:\/\/leynet.es\/index.php?rest_route=%2Fwp%2Fv2%2Fmedia&parent=5058"}],"curies":[{"name":"wp","href":"https:\/\/api.w.org\/{rel}","templated":true}]}}